{"id":15536,"date":"2023-01-13T15:35:36","date_gmt":"2023-01-13T15:35:36","guid":{"rendered":"https:\/\/www.triomodul.com\/?page_id=15536"},"modified":"2023-05-15T10:01:04","modified_gmt":"2023-05-15T10:01:04","slug":"florida","status":"publish","type":"page","link":"https:\/\/www.triomodul.com\/en\/florida\/","title":{"rendered":"Florida"},"content":{"rendered":"<div data-elementor-type=\"wp-page\" data-elementor-id=\"15536\" class=\"elementor elementor-15536\">\n\t\t\t\t\t\t<section class=\"elementor-section elementor-top-section elementor-element elementor-element-6539c27 elementor-section-full_width elementor-section-stretched elementor-section-height-default elementor-section-height-default\" data-id=\"6539c27\" data-element_type=\"section\" data-e-type=\"section\" data-settings=\"{&quot;stretch_section&quot;:&quot;section-stretched&quot;}\">\n\t\t\t\t\t\t<div class=\"elementor-container elementor-column-gap-no\">\n\t\t\t\t\t<div class=\"elementor-column elementor-col-100 elementor-top-column elementor-element elementor-element-21b3140\" data-id=\"21b3140\" data-element_type=\"column\" data-e-type=\"column\">\n\t\t\t<div class=\"elementor-widget-wrap elementor-element-populated\">\n\t\t\t\t\t\t<div class=\"elementor-element elementor-element-430275e elementor-widget elementor-widget-spacer\" data-id=\"430275e\" data-element_type=\"widget\" data-e-type=\"widget\" data-widget_type=\"spacer.default\">\n\t\t\t\t<div class=\"elementor-widget-container\">\n\t\t\t\t\t\t\t<div class=\"elementor-spacer\">\n\t\t\t<div class=\"elementor-spacer-inner\"><\/div>\n\t\t<\/div>\n\t\t\t\t\t\t<\/div>\n\t\t\t\t<\/div>\n\t\t\t\t\t<\/div>\n\t\t<\/div>\n\t\t\t\t\t<\/div>\n\t\t<\/section>\n\t\t\t\t<section class=\"elementor-section elementor-top-section elementor-element elementor-element-8828be1 elementor-section-boxed elementor-section-height-default elementor-section-height-default\" data-id=\"8828be1\" data-element_type=\"section\" data-e-type=\"section\">\n\t\t\t\t\t\t<div class=\"elementor-container elementor-column-gap-default\">\n\t\t\t\t\t<div class=\"elementor-column elementor-col-100 elementor-top-column elementor-element elementor-element-1dc9304\" data-id=\"1dc9304\" data-element_type=\"column\" data-e-type=\"column\">\n\t\t\t<div class=\"elementor-widget-wrap elementor-element-populated\">\n\t\t\t\t\t\t<div class=\"elementor-element elementor-element-5a907bd elementor-widget elementor-widget-image\" data-id=\"5a907bd\" data-element_type=\"widget\" data-e-type=\"widget\" data-widget_type=\"image.default\">\n\t\t\t\t<div class=\"elementor-widget-container\">\n\t\t\t\t\t\t\t\t\t\t\t\t\t\t\t<img fetchpriority=\"high\" decoding=\"async\" width=\"1024\" height=\"550\" src=\"https:\/\/www.triomodul.com\/wp-content\/uploads\/2023\/01\/1-22.jpg\" class=\"attachment-large size-large wp-image-15539\" alt=\"\" srcset=\"https:\/\/www.triomodul.com\/wp-content\/uploads\/2023\/01\/1-22.jpg 1024w, https:\/\/www.triomodul.com\/wp-content\/uploads\/2023\/01\/1-22-300x161.jpg 300w, https:\/\/www.triomodul.com\/wp-content\/uploads\/2023\/01\/1-22-768x413.jpg 768w, https:\/\/www.triomodul.com\/wp-content\/uploads\/2023\/01\/1-22-600x322.jpg 600w\" sizes=\"(max-width: 1024px) 100vw, 1024px\" \/>\t\t\t\t\t\t\t\t\t\t\t\t\t\t\t<\/div>\n\t\t\t\t<\/div>\n\t\t\t\t<div class=\"elementor-element elementor-element-279cde2 elementor-widget elementor-widget-spacer\" data-id=\"279cde2\" data-element_type=\"widget\" data-e-type=\"widget\" data-widget_type=\"spacer.default\">\n\t\t\t\t<div class=\"elementor-widget-container\">\n\t\t\t\t\t\t\t<div class=\"elementor-spacer\">\n\t\t\t<div class=\"elementor-spacer-inner\"><\/div>\n\t\t<\/div>\n\t\t\t\t\t\t<\/div>\n\t\t\t\t<\/div>\n\t\t\t\t\t<\/div>\n\t\t<\/div>\n\t\t\t\t\t<\/div>\n\t\t<\/section>\n\t\t\t\t<section class=\"elementor-section elementor-top-section elementor-element elementor-element-a53bafd elementor-section-full_width elementor-section-height-default elementor-section-height-default\" data-id=\"a53bafd\" data-element_type=\"section\" data-e-type=\"section\">\n\t\t\t\t\t\t<div class=\"elementor-container elementor-column-gap-no\">\n\t\t\t\t\t<div class=\"elementor-column elementor-col-100 elementor-top-column elementor-element elementor-element-6ad8b19\" data-id=\"6ad8b19\" data-element_type=\"column\" data-e-type=\"column\">\n\t\t\t<div class=\"elementor-widget-wrap elementor-element-populated\">\n\t\t\t\t\t\t<section class=\"elementor-section elementor-inner-section elementor-element elementor-element-d8065e2 elementor-section-full_width elementor-section-height-default elementor-section-height-default\" data-id=\"d8065e2\" data-element_type=\"section\" data-e-type=\"section\">\n\t\t\t\t\t\t<div class=\"elementor-container elementor-column-gap-no\">\n\t\t\t\t\t<div class=\"elementor-column elementor-col-50 elementor-inner-column elementor-element elementor-element-ebbde4b\" data-id=\"ebbde4b\" data-element_type=\"column\" data-e-type=\"column\">\n\t\t\t<div class=\"elementor-widget-wrap elementor-element-populated\">\n\t\t\t\t\t\t<div class=\"elementor-element elementor-element-8c49bb6 elementor-widget elementor-widget-text-editor\" data-id=\"8c49bb6\" data-element_type=\"widget\" data-e-type=\"widget\" data-widget_type=\"text-editor.default\">\n\t\t\t\t<div class=\"elementor-widget-container\">\n\t\t\t\t\t\t\t\t\t\n<p><\/p>\n<p><\/p>\n<p>T\u00fcm banyo dolaplar\u0131m\u0131z 1. s\u0131n\u0131f mdfden \u00fcretilmektedir. Her bir par\u00e7a Pvc kenarbantl\u0131 oldu\u011fu i\u00e7in nemli ortamlarda kabarma yapmaz ve suya dayan\u0131kl\u0131d\u0131r.<\/p>\n<p><\/p>\n<p><\/p>\n\t\t\t\t\t\t\t\t<\/div>\n\t\t\t\t<\/div>\n\t\t\t\t\t<\/div>\n\t\t<\/div>\n\t\t\t\t<div class=\"elementor-column elementor-col-50 elementor-inner-column elementor-element elementor-element-334c876\" data-id=\"334c876\" data-element_type=\"column\" data-e-type=\"column\">\n\t\t\t<div class=\"elementor-widget-wrap\">\n\t\t\t\t\t\t\t<\/div>\n\t\t<\/div>\n\t\t\t\t\t<\/div>\n\t\t<\/section>\n\t\t\t\t<section class=\"elementor-section elementor-inner-section elementor-element elementor-element-bd713ae elementor-section-full_width elementor-section-content-middle elementor-section-height-default elementor-section-height-default\" data-id=\"bd713ae\" data-element_type=\"section\" data-e-type=\"section\">\n\t\t\t\t\t\t<div class=\"elementor-container elementor-column-gap-no\">\n\t\t\t\t\t<div class=\"elementor-column elementor-col-50 elementor-inner-column elementor-element elementor-element-13f164a\" data-id=\"13f164a\" data-element_type=\"column\" data-e-type=\"column\">\n\t\t\t<div class=\"elementor-widget-wrap elementor-element-populated\">\n\t\t\t\t\t\t<div class=\"elementor-element elementor-element-b750803 elementor-invisible elementor-widget elementor-widget-image\" data-id=\"b750803\" data-element_type=\"widget\" data-e-type=\"widget\" data-settings=\"{&quot;_animation&quot;:&quot;fadeInLeft&quot;}\" data-widget_type=\"image.default\">\n\t\t\t\t<div class=\"elementor-widget-container\">\n\t\t\t\t\t\t\t\t\t\t\t\t\t\t\t<img decoding=\"async\" width=\"1024\" height=\"664\" src=\"https:\/\/www.triomodul.com\/wp-content\/uploads\/2023\/01\/1-2-14.jpg\" class=\"attachment-large size-large wp-image-15540\" alt=\"\" srcset=\"https:\/\/www.triomodul.com\/wp-content\/uploads\/2023\/01\/1-2-14.jpg 1024w, https:\/\/www.triomodul.com\/wp-content\/uploads\/2023\/01\/1-2-14-300x195.jpg 300w, https:\/\/www.triomodul.com\/wp-content\/uploads\/2023\/01\/1-2-14-768x498.jpg 768w, https:\/\/www.triomodul.com\/wp-content\/uploads\/2023\/01\/1-2-14-1000x648.jpg 1000w, https:\/\/www.triomodul.com\/wp-content\/uploads\/2023\/01\/1-2-14-600x389.jpg 600w\" sizes=\"(max-width: 1024px) 100vw, 1024px\" \/>\t\t\t\t\t\t\t\t\t\t\t\t\t\t\t<\/div>\n\t\t\t\t<\/div>\n\t\t\t\t\t<\/div>\n\t\t<\/div>\n\t\t\t\t<div class=\"elementor-column elementor-col-50 elementor-inner-column elementor-element elementor-element-f43eeea\" data-id=\"f43eeea\" data-element_type=\"column\" data-e-type=\"column\">\n\t\t\t<div class=\"elementor-widget-wrap elementor-element-populated\">\n\t\t\t\t\t\t<div class=\"elementor-element elementor-element-0fe0621 elementor-invisible elementor-widget elementor-widget-tf-heading-section\" data-id=\"0fe0621\" data-element_type=\"widget\" data-e-type=\"widget\" data-settings=\"{&quot;_animation&quot;:&quot;fadeInRight&quot;}\" data-widget_type=\"tf-heading-section.default\">\n\t\t\t\t<div class=\"elementor-widget-container\">\n\t\t\t\t\t<div id=\"tf-heading-section-0fe0621\" class=\"tf-heading-section\" data-tabid=\"0fe0621\"> \r\n\t\t\t\t\r\n\t\t\t\t<div class=\"heading-section\">\r\n\t\t\t\t\t\r\n\t\t\t\t\t<h2 class=\"heading\">TBN8-FLOR\u0130DA-SPFG<\/h2>\r\n\t\t\t\t\t<div class=\"sub-title\"><p>\u00a0<\/p>\n<p>TBN4 ME\u015eE MAT KAYA GR\u0130 \u00a0<br \/>\u00dcr\u00fcn \u00d6l\u00e7\u00fcleri;(60LIK-80L\u0130K-100L\u00dcK)<br \/>Aynal\u0131 \u00dcst Dolap; MDFLam Me\u015fe<br \/>\u00dcr\u00fcn Renkleri; High Glos Mat Kaya Gri<\/p><\/div>\r\n\t\t\t\t<\/div>                \r\n            <\/div>\t\t\t\t<\/div>\n\t\t\t\t<\/div>\n\t\t\t\t<div class=\"elementor-element elementor-element-6ab2bc0 elementor-widget__width-initial elementor-invisible elementor-widget elementor-widget-tf-list\" data-id=\"6ab2bc0\" data-element_type=\"widget\" data-e-type=\"widget\" data-settings=\"{&quot;_animation&quot;:&quot;fadeInRight&quot;}\" data-widget_type=\"tf-list.default\">\n\t\t\t\t<div class=\"elementor-widget-container\">\n\t\t\t\t\t<div id=\"tf-list-6ab2bc0\" class=\"tf-list\" data-tabid=\"6ab2bc0\"> \r\n\t\t\t\t<div class=\"item-list\">\r\n\t\t\t\t\t\t\t\t\t<span class=\"before-title\"> 1 <\/span> \r\n\t\t\t\t\t\t\t\t\t<div class=\"content\">\r\n\t\t\t\t\t\t\t\t\t\t<div class=\"title\"> <br>MDF \u00dcRET\u0130M<\/div>  \r\n\t\t\t\t\t\t\t\t\t<\/div>\r\n\t\t\t\t\t\t\t\t<\/div>                \r\n            <\/div>\t\t\t\t<\/div>\n\t\t\t\t<\/div>\n\t\t\t\t<div class=\"elementor-element elementor-element-0ec6885 elementor-widget__width-initial elementor-invisible elementor-widget elementor-widget-tf-list\" data-id=\"0ec6885\" data-element_type=\"widget\" data-e-type=\"widget\" data-settings=\"{&quot;_animation&quot;:&quot;fadeInRight&quot;}\" data-widget_type=\"tf-list.default\">\n\t\t\t\t<div class=\"elementor-widget-container\">\n\t\t\t\t\t<div id=\"tf-list-0ec6885\" class=\"tf-list\" data-tabid=\"0ec6885\"> \r\n\t\t\t\t<div class=\"item-list\">\r\n\t\t\t\t\t\t\t\t\t<span class=\"before-title\"> 2 <\/span> \r\n\t\t\t\t\t\t\t\t\t<div class=\"content\">\r\n\t\t\t\t\t\t\t\t\t\t<div class=\"title\"><br> PVC KENAR BANT<\/div>  \r\n\t\t\t\t\t\t\t\t\t<\/div>\r\n\t\t\t\t\t\t\t\t<\/div>                \r\n            <\/div>\t\t\t\t<\/div>\n\t\t\t\t<\/div>\n\t\t\t\t<div class=\"elementor-element elementor-element-3e847f4 elementor-widget__width-initial elementor-invisible elementor-widget elementor-widget-tf-list\" data-id=\"3e847f4\" data-element_type=\"widget\" data-e-type=\"widget\" data-settings=\"{&quot;_animation&quot;:&quot;fadeInRight&quot;}\" data-widget_type=\"tf-list.default\">\n\t\t\t\t<div class=\"elementor-widget-container\">\n\t\t\t\t\t<div id=\"tf-list-3e847f4\" class=\"tf-list\" data-tabid=\"3e847f4\"> \r\n\t\t\t\t<div class=\"item-list\">\r\n\t\t\t\t\t\t\t\t\t<span class=\"before-title\"> 3 <\/span> \r\n\t\t\t\t\t\t\t\t\t<div class=\"content\">\r\n\t\t\t\t\t\t\t\t\t\t<div class=\"title\"><br>NEML\u0130 ORTAMLARDA KABARMA YAPMAZ<\/div>  \r\n\t\t\t\t\t\t\t\t\t<\/div>\r\n\t\t\t\t\t\t\t\t<\/div>                \r\n            <\/div>\t\t\t\t<\/div>\n\t\t\t\t<\/div>\n\t\t\t\t<div class=\"elementor-element elementor-element-3b1a7d3 elementor-widget__width-initial elementor-invisible elementor-widget elementor-widget-tf-list\" data-id=\"3b1a7d3\" data-element_type=\"widget\" data-e-type=\"widget\" data-settings=\"{&quot;_animation&quot;:&quot;fadeInRight&quot;}\" data-widget_type=\"tf-list.default\">\n\t\t\t\t<div class=\"elementor-widget-container\">\n\t\t\t\t\t<div id=\"tf-list-3b1a7d3\" class=\"tf-list\" data-tabid=\"3b1a7d3\"> \r\n\t\t\t\t<div class=\"item-list\">\r\n\t\t\t\t\t\t\t\t\t<span class=\"before-title\"> 4 <\/span> \r\n\t\t\t\t\t\t\t\t\t<div class=\"content\">\r\n\t\t\t\t\t\t\t\t\t\t<div class=\"title\"><br> SUYA DAYANIKLI<\/div>  \r\n\t\t\t\t\t\t\t\t\t<\/div>\r\n\t\t\t\t\t\t\t\t<\/div>                \r\n            <\/div>\t\t\t\t<\/div>\n\t\t\t\t<\/div>\n\t\t\t\t\t<\/div>\n\t\t<\/div>\n\t\t\t\t\t<\/div>\n\t\t<\/section>\n\t\t\t\t\t<\/div>\n\t\t<\/div>\n\t\t\t\t\t<\/div>\n\t\t<\/section>\n\t\t\t\t<section class=\"elementor-section elementor-top-section elementor-element elementor-element-e0658f3 elementor-section-boxed elementor-section-height-default elementor-section-height-default\" data-id=\"e0658f3\" data-element_type=\"section\" data-e-type=\"section\">\n\t\t\t\t\t\t<div class=\"elementor-container elementor-column-gap-default\">\n\t\t\t\t\t<div class=\"elementor-column elementor-col-100 elementor-top-column elementor-element elementor-element-7949385\" data-id=\"7949385\" data-element_type=\"column\" data-e-type=\"column\">\n\t\t\t<div class=\"elementor-widget-wrap elementor-element-populated\">\n\t\t\t\t\t\t<div class=\"elementor-element elementor-element-b90158f elementor-widget elementor-widget-spacer\" data-id=\"b90158f\" data-element_type=\"widget\" data-e-type=\"widget\" data-widget_type=\"spacer.default\">\n\t\t\t\t<div class=\"elementor-widget-container\">\n\t\t\t\t\t\t\t<div class=\"elementor-spacer\">\n\t\t\t<div class=\"elementor-spacer-inner\"><\/div>\n\t\t<\/div>\n\t\t\t\t\t\t<\/div>\n\t\t\t\t<\/div>\n\t\t\t\t\t<\/div>\n\t\t<\/div>\n\t\t\t\t\t<\/div>\n\t\t<\/section>\n\t\t\t\t<\/div>","protected":false},"excerpt":{"rendered":"<p>TBN8-FLOR\u0130DA-SPFG \u00a0 TBN4 ME\u015eE MAT KAYA GR\u0130 \u00a0\u00dcr\u00fcn \u00d6l\u00e7\u00fcleri;(60LIK-80L\u0130K-100L\u00dcK)Aynal\u0131 \u00dcst Dolap; MDFLam Me\u015fe\u00dcr\u00fcn Renkleri; High Glos Mat Kaya Gri 1 MDF \u00dcRET\u0130M 2 PVC KENAR BANT 3 NEML\u0130 ORTAMLARDA KABARMA YAPMAZ 4 SUYA [&hellip;]<\/p>","protected":false},"author":1,"featured_media":0,"parent":0,"menu_order":0,"comment_status":"closed","ping_status":"closed","template":"","meta":{"footnotes":""},"class_list":["post-15536","page","type-page","status-publish","hentry"],"_links":{"self":[{"href":"https:\/\/www.triomodul.com\/en\/wp-json\/wp\/v2\/pages\/15536","targetHints":{"allow":["GET"]}}],"collection":[{"href":"https:\/\/www.triomodul.com\/en\/wp-json\/wp\/v2\/pages"}],"about":[{"href":"https:\/\/www.triomodul.com\/en\/wp-json\/wp\/v2\/types\/page"}],"author":[{"embeddable":true,"href":"https:\/\/www.triomodul.com\/en\/wp-json\/wp\/v2\/users\/1"}],"replies":[{"embeddable":true,"href":"https:\/\/www.triomodul.com\/en\/wp-json\/wp\/v2\/comments?post=15536"}],"version-history":[{"count":17,"href":"https:\/\/www.triomodul.com\/en\/wp-json\/wp\/v2\/pages\/15536\/revisions"}],"predecessor-version":[{"id":17803,"href":"https:\/\/www.triomodul.com\/en\/wp-json\/wp\/v2\/pages\/15536\/revisions\/17803"}],"wp:attachment":[{"href":"https:\/\/www.triomodul.com\/en\/wp-json\/wp\/v2\/media?parent=15536"}],"curies":[{"name":"wp","href":"https:\/\/api.w.org\/{rel}","templated":true}]}}