{"id":15537,"date":"2023-01-13T15:35:43","date_gmt":"2023-01-13T15:35:43","guid":{"rendered":"https:\/\/www.triomodul.com\/?page_id=15537"},"modified":"2023-05-15T09:59:16","modified_gmt":"2023-05-15T09:59:16","slug":"california","status":"publish","type":"page","link":"https:\/\/www.triomodul.com\/en\/california\/","title":{"rendered":"California"},"content":{"rendered":"<div data-elementor-type=\"wp-page\" data-elementor-id=\"15537\" class=\"elementor elementor-15537\">\n\t\t\t\t\t\t<section class=\"elementor-section elementor-top-section elementor-element elementor-element-6539c27 elementor-section-full_width elementor-section-stretched elementor-section-height-default elementor-section-height-default\" data-id=\"6539c27\" data-element_type=\"section\" data-e-type=\"section\" data-settings=\"{&quot;stretch_section&quot;:&quot;section-stretched&quot;}\">\n\t\t\t\t\t\t<div class=\"elementor-container elementor-column-gap-no\">\n\t\t\t\t\t<div class=\"elementor-column elementor-col-100 elementor-top-column elementor-element elementor-element-21b3140\" data-id=\"21b3140\" data-element_type=\"column\" data-e-type=\"column\">\n\t\t\t<div class=\"elementor-widget-wrap elementor-element-populated\">\n\t\t\t\t\t\t<div class=\"elementor-element elementor-element-430275e elementor-widget elementor-widget-spacer\" data-id=\"430275e\" data-element_type=\"widget\" data-e-type=\"widget\" data-widget_type=\"spacer.default\">\n\t\t\t\t<div class=\"elementor-widget-container\">\n\t\t\t\t\t\t\t<div class=\"elementor-spacer\">\n\t\t\t<div class=\"elementor-spacer-inner\"><\/div>\n\t\t<\/div>\n\t\t\t\t\t\t<\/div>\n\t\t\t\t<\/div>\n\t\t\t\t\t<\/div>\n\t\t<\/div>\n\t\t\t\t\t<\/div>\n\t\t<\/section>\n\t\t\t\t<section class=\"elementor-section elementor-top-section elementor-element elementor-element-8828be1 elementor-section-boxed elementor-section-height-default elementor-section-height-default\" data-id=\"8828be1\" data-element_type=\"section\" data-e-type=\"section\">\n\t\t\t\t\t\t<div class=\"elementor-container elementor-column-gap-default\">\n\t\t\t\t\t<div class=\"elementor-column elementor-col-100 elementor-top-column elementor-element elementor-element-1dc9304\" data-id=\"1dc9304\" data-element_type=\"column\" data-e-type=\"column\">\n\t\t\t<div class=\"elementor-widget-wrap elementor-element-populated\">\n\t\t\t\t\t\t<div class=\"elementor-element elementor-element-5a907bd elementor-widget elementor-widget-image\" data-id=\"5a907bd\" data-element_type=\"widget\" data-e-type=\"widget\" data-widget_type=\"image.default\">\n\t\t\t\t<div class=\"elementor-widget-container\">\n\t\t\t\t\t\t\t\t\t\t\t\t\t\t\t<img fetchpriority=\"high\" decoding=\"async\" width=\"770\" height=\"491\" src=\"https:\/\/www.triomodul.com\/wp-content\/uploads\/2023\/05\/1-3.jpg\" class=\"attachment-large size-large wp-image-17636\" alt=\"\" srcset=\"https:\/\/www.triomodul.com\/wp-content\/uploads\/2023\/05\/1-3.jpg 770w, https:\/\/www.triomodul.com\/wp-content\/uploads\/2023\/05\/1-3-300x191.jpg 300w, https:\/\/www.triomodul.com\/wp-content\/uploads\/2023\/05\/1-3-768x490.jpg 768w, https:\/\/www.triomodul.com\/wp-content\/uploads\/2023\/05\/1-3-18x12.jpg 18w\" sizes=\"(max-width: 770px) 100vw, 770px\" \/>\t\t\t\t\t\t\t\t\t\t\t\t\t\t\t<\/div>\n\t\t\t\t<\/div>\n\t\t\t\t<div class=\"elementor-element elementor-element-279cde2 elementor-widget elementor-widget-spacer\" data-id=\"279cde2\" data-element_type=\"widget\" data-e-type=\"widget\" data-widget_type=\"spacer.default\">\n\t\t\t\t<div class=\"elementor-widget-container\">\n\t\t\t\t\t\t\t<div class=\"elementor-spacer\">\n\t\t\t<div class=\"elementor-spacer-inner\"><\/div>\n\t\t<\/div>\n\t\t\t\t\t\t<\/div>\n\t\t\t\t<\/div>\n\t\t\t\t\t<\/div>\n\t\t<\/div>\n\t\t\t\t\t<\/div>\n\t\t<\/section>\n\t\t\t\t<section class=\"elementor-section elementor-top-section elementor-element elementor-element-a53bafd elementor-section-full_width elementor-section-height-default elementor-section-height-default\" data-id=\"a53bafd\" data-element_type=\"section\" data-e-type=\"section\">\n\t\t\t\t\t\t<div class=\"elementor-container elementor-column-gap-no\">\n\t\t\t\t\t<div class=\"elementor-column elementor-col-100 elementor-top-column elementor-element elementor-element-6ad8b19\" data-id=\"6ad8b19\" data-element_type=\"column\" data-e-type=\"column\">\n\t\t\t<div class=\"elementor-widget-wrap elementor-element-populated\">\n\t\t\t\t\t\t<section class=\"elementor-section elementor-inner-section elementor-element elementor-element-d8065e2 elementor-section-full_width elementor-section-height-default elementor-section-height-default\" data-id=\"d8065e2\" data-element_type=\"section\" data-e-type=\"section\">\n\t\t\t\t\t\t<div class=\"elementor-container elementor-column-gap-no\">\n\t\t\t\t\t<div class=\"elementor-column elementor-col-50 elementor-inner-column elementor-element elementor-element-ebbde4b\" data-id=\"ebbde4b\" data-element_type=\"column\" data-e-type=\"column\">\n\t\t\t<div class=\"elementor-widget-wrap elementor-element-populated\">\n\t\t\t\t\t\t<div class=\"elementor-element elementor-element-63a1e6b elementor-widget elementor-widget-text-editor\" data-id=\"63a1e6b\" data-element_type=\"widget\" data-e-type=\"widget\" data-widget_type=\"text-editor.default\">\n\t\t\t\t<div class=\"elementor-widget-container\">\n\t\t\t\t\t\t\t\t\t\n<p><\/p>\n<p><\/p>\n<p>T\u00fcm banyo dolaplar\u0131m\u0131z 1. s\u0131n\u0131f mdfden \u00fcretilmektedir. Her bir par\u00e7a Pvc kenarbantl\u0131 oldu\u011fu i\u00e7in nemli ortamlarda kabarma yapmaz ve suya dayan\u0131kl\u0131d\u0131r.<\/p>\n<p><\/p>\n<p><\/p>\n\t\t\t\t\t\t\t\t<\/div>\n\t\t\t\t<\/div>\n\t\t\t\t\t<\/div>\n\t\t<\/div>\n\t\t\t\t<div class=\"elementor-column elementor-col-50 elementor-inner-column elementor-element elementor-element-334c876\" data-id=\"334c876\" data-element_type=\"column\" data-e-type=\"column\">\n\t\t\t<div class=\"elementor-widget-wrap\">\n\t\t\t\t\t\t\t<\/div>\n\t\t<\/div>\n\t\t\t\t\t<\/div>\n\t\t<\/section>\n\t\t\t\t<section class=\"elementor-section elementor-inner-section elementor-element elementor-element-bd713ae elementor-section-full_width elementor-section-content-middle elementor-section-height-default elementor-section-height-default\" data-id=\"bd713ae\" data-element_type=\"section\" data-e-type=\"section\">\n\t\t\t\t\t\t<div class=\"elementor-container elementor-column-gap-no\">\n\t\t\t\t\t<div class=\"elementor-column elementor-col-50 elementor-inner-column elementor-element elementor-element-13f164a\" data-id=\"13f164a\" data-element_type=\"column\" data-e-type=\"column\">\n\t\t\t<div class=\"elementor-widget-wrap elementor-element-populated\">\n\t\t\t\t\t\t<div class=\"elementor-element elementor-element-b750803 elementor-invisible elementor-widget elementor-widget-image\" data-id=\"b750803\" data-element_type=\"widget\" data-e-type=\"widget\" data-settings=\"{&quot;_animation&quot;:&quot;fadeInLeft&quot;}\" data-widget_type=\"image.default\">\n\t\t\t\t<div class=\"elementor-widget-container\">\n\t\t\t\t\t\t\t\t\t\t\t\t\t\t\t<img decoding=\"async\" width=\"870\" height=\"520\" src=\"https:\/\/www.triomodul.com\/wp-content\/uploads\/2023\/05\/2-5.jpg\" class=\"attachment-large size-large wp-image-17637\" alt=\"\" srcset=\"https:\/\/www.triomodul.com\/wp-content\/uploads\/2023\/05\/2-5.jpg 870w, https:\/\/www.triomodul.com\/wp-content\/uploads\/2023\/05\/2-5-300x179.jpg 300w, https:\/\/www.triomodul.com\/wp-content\/uploads\/2023\/05\/2-5-768x459.jpg 768w, https:\/\/www.triomodul.com\/wp-content\/uploads\/2023\/05\/2-5-18x12.jpg 18w\" sizes=\"(max-width: 870px) 100vw, 870px\" \/>\t\t\t\t\t\t\t\t\t\t\t\t\t\t\t<\/div>\n\t\t\t\t<\/div>\n\t\t\t\t<div class=\"elementor-element elementor-element-faead87 elementor-widget elementor-widget-tftabs\" data-id=\"faead87\" data-element_type=\"widget\" data-e-type=\"widget\" data-widget_type=\"tftabs.default\">\n\t\t\t\t<div class=\"elementor-widget-container\">\n\t\t\t\t\t\t\t<div id=\"tf-tabs-faead87\" class=\"tf-tabs horizontal tabs-horizontal icon-position-left show-triger-no nav-justify\" data-tabid=\"faead87\">\r\n\t\t\t<div class=\"tf-tabnav\">\r\n\t\t\t\t<ul>\r\n\t\t\t\t\t\t\t\t\t\t<li class=\"tablinks inactive elementor-animation-\" data-tab=\"tab-1\">\t\r\n\t\t\t\t\t\t\t\t\t\t\t\t\r\n\t\t\t\t\t\t\t\t\t\t\t\t\t<span class=\"tab-title-text\">\u00dcr\u00fcn \u00d6l\u00e7\u00fcleri<\/span>\r\n\t\t\t\t\t\t\t\t\t\t\t<\/li>\r\n\t\t\t\t\t\t\t\t\t\t<li class=\"tablinks inactive elementor-animation-\" data-tab=\"tab-2\">\t\r\n\t\t\t\t\t\t\t\t\t\t\t\t\r\n\t\t\t\t\t\t\t\t\t\t\t\t\t<span class=\"tab-title-text\">\u00dcr\u00fcn \u00d6zellikleri<\/span>\r\n\t\t\t\t\t\t\t\t\t\t\t<\/li>\r\n\t\t\t\t\t\t\t\t\t<\/ul>\r\n\t\t\t<\/div>\r\n\t\t\t<div class=\"tf-tabcontent\">\r\n\t\t\t\t\t\t\t\t<div id=\"tab-1\" class=\"tf-tabcontent-inner inactive animated fadeIn\">\r\n\t\t\t\t\t<p style=\"text-align: left;\">Ayna \u00d6l\u00e7\u00fcleri: G:1380 Y:638 D:102<\/p>\n<p style=\"text-align: left;\">\u0130ki Lavabolu Alt Dolap \u00d6l\u00e7\u00fcleri: G:1382 Y:518 D:500<\/p>\t\t\t\t\t\r\n\t\t\t\t\t\r\n\t\t\t\t<\/div>\r\n\t\t\t\t\t\t\t\t<div id=\"tab-2\" class=\"tf-tabcontent-inner inactive animated fadeIn\">\r\n\t\t\t\t\t<p style=\"text-align: left;\">G\u00f6vde: MDFLam Mat Beyaz<\/p>\n<p style=\"text-align: left;\">Kapak: MDFLam Mat Beyaz<\/p>\t\t\t\t\t\r\n\t\t\t\t\t\r\n\t\t\t\t<\/div>\r\n\t\t\t\t\t\t\t<\/div>\r\n\t\t<\/div>\r\n\t\t\r\n\t\t\t\t\t\t<\/div>\n\t\t\t\t<\/div>\n\t\t\t\t\t<\/div>\n\t\t<\/div>\n\t\t\t\t<div class=\"elementor-column elementor-col-50 elementor-inner-column elementor-element elementor-element-f43eeea\" data-id=\"f43eeea\" data-element_type=\"column\" data-e-type=\"column\">\n\t\t\t<div class=\"elementor-widget-wrap elementor-element-populated\">\n\t\t\t\t\t\t<div class=\"elementor-element elementor-element-eac5d93 elementor-invisible elementor-widget elementor-widget-tf-heading-section\" data-id=\"eac5d93\" data-element_type=\"widget\" data-e-type=\"widget\" data-settings=\"{&quot;_animation&quot;:&quot;fadeInRight&quot;}\" data-widget_type=\"tf-heading-section.default\">\n\t\t\t\t<div class=\"elementor-widget-container\">\n\t\t\t\t\t<div id=\"tf-heading-section-eac5d93\" class=\"tf-heading-section\" data-tabid=\"eac5d93\"> \r\n\t\t\t\t\r\n\t\t\t\t<div class=\"heading-section\">\r\n\t\t\t\t\t\r\n\t\t\t\t\t<h2 class=\"heading\">CAL\u0130FORN\u0130A MDFLAM CEV\u0130Z - MAT KA\u015eM\u0130R<\/h2>\r\n\t\t\t\t\t<div class=\"sub-title\"><p>\u00a0<\/p>\n<p>California MDFLam Ceviz \u2013 Mat Ka\u015fmir<br \/>\u00dcr\u00fcn \u00d6l\u00e7\u00fcleri;(60LIK-80L\u0130K-100L\u00dcK)<br \/>Aynal\u0131 \u00dcst Dolap; MDFLam Ceviz \u2013 Mat Ka\u015fmir<br \/><br \/><\/p><\/div>\r\n\t\t\t\t<\/div>                \r\n            <\/div>\t\t\t\t<\/div>\n\t\t\t\t<\/div>\n\t\t\t\t<div class=\"elementor-element elementor-element-e279ce1 elementor-widget__width-initial elementor-invisible elementor-widget elementor-widget-tf-list\" data-id=\"e279ce1\" data-element_type=\"widget\" data-e-type=\"widget\" data-settings=\"{&quot;_animation&quot;:&quot;fadeInRight&quot;}\" data-widget_type=\"tf-list.default\">\n\t\t\t\t<div class=\"elementor-widget-container\">\n\t\t\t\t\t<div id=\"tf-list-e279ce1\" class=\"tf-list\" data-tabid=\"e279ce1\"> \r\n\t\t\t\t<div class=\"item-list\">\r\n\t\t\t\t\t\t\t\t\t<span class=\"before-title\"> 1 <\/span> \r\n\t\t\t\t\t\t\t\t\t<div class=\"content\">\r\n\t\t\t\t\t\t\t\t\t\t<div class=\"title\"> <br>MDF \u00dcRET\u0130M<\/div>  \r\n\t\t\t\t\t\t\t\t\t<\/div>\r\n\t\t\t\t\t\t\t\t<\/div>                \r\n            <\/div>\t\t\t\t<\/div>\n\t\t\t\t<\/div>\n\t\t\t\t<div class=\"elementor-element elementor-element-5178397 elementor-widget__width-initial elementor-invisible elementor-widget elementor-widget-tf-list\" data-id=\"5178397\" data-element_type=\"widget\" data-e-type=\"widget\" data-settings=\"{&quot;_animation&quot;:&quot;fadeInRight&quot;}\" data-widget_type=\"tf-list.default\">\n\t\t\t\t<div class=\"elementor-widget-container\">\n\t\t\t\t\t<div id=\"tf-list-5178397\" class=\"tf-list\" data-tabid=\"5178397\"> \r\n\t\t\t\t<div class=\"item-list\">\r\n\t\t\t\t\t\t\t\t\t<span class=\"before-title\"> 2 <\/span> \r\n\t\t\t\t\t\t\t\t\t<div class=\"content\">\r\n\t\t\t\t\t\t\t\t\t\t<div class=\"title\"><br> PVC KENAR BANT<\/div>  \r\n\t\t\t\t\t\t\t\t\t<\/div>\r\n\t\t\t\t\t\t\t\t<\/div>                \r\n            <\/div>\t\t\t\t<\/div>\n\t\t\t\t<\/div>\n\t\t\t\t<div class=\"elementor-element elementor-element-0b7a9f9 elementor-widget__width-initial elementor-invisible elementor-widget elementor-widget-tf-list\" data-id=\"0b7a9f9\" data-element_type=\"widget\" data-e-type=\"widget\" data-settings=\"{&quot;_animation&quot;:&quot;fadeInRight&quot;}\" data-widget_type=\"tf-list.default\">\n\t\t\t\t<div class=\"elementor-widget-container\">\n\t\t\t\t\t<div id=\"tf-list-0b7a9f9\" class=\"tf-list\" data-tabid=\"0b7a9f9\"> \r\n\t\t\t\t<div class=\"item-list\">\r\n\t\t\t\t\t\t\t\t\t<span class=\"before-title\"> 3 <\/span> \r\n\t\t\t\t\t\t\t\t\t<div class=\"content\">\r\n\t\t\t\t\t\t\t\t\t\t<div class=\"title\"><br>NEML\u0130 ORTAMLARDA KABARMA YAPMAZ<\/div>  \r\n\t\t\t\t\t\t\t\t\t<\/div>\r\n\t\t\t\t\t\t\t\t<\/div>                \r\n            <\/div>\t\t\t\t<\/div>\n\t\t\t\t<\/div>\n\t\t\t\t<div class=\"elementor-element elementor-element-fee889e elementor-widget__width-initial elementor-invisible elementor-widget elementor-widget-tf-list\" data-id=\"fee889e\" data-element_type=\"widget\" data-e-type=\"widget\" data-settings=\"{&quot;_animation&quot;:&quot;fadeInRight&quot;}\" data-widget_type=\"tf-list.default\">\n\t\t\t\t<div class=\"elementor-widget-container\">\n\t\t\t\t\t<div id=\"tf-list-fee889e\" class=\"tf-list\" data-tabid=\"fee889e\"> \r\n\t\t\t\t<div class=\"item-list\">\r\n\t\t\t\t\t\t\t\t\t<span class=\"before-title\"> 4 <\/span> \r\n\t\t\t\t\t\t\t\t\t<div class=\"content\">\r\n\t\t\t\t\t\t\t\t\t\t<div class=\"title\"><br> SUYA DAYANIKLI<\/div>  \r\n\t\t\t\t\t\t\t\t\t<\/div>\r\n\t\t\t\t\t\t\t\t<\/div>                \r\n            <\/div>\t\t\t\t<\/div>\n\t\t\t\t<\/div>\n\t\t\t\t\t<\/div>\n\t\t<\/div>\n\t\t\t\t\t<\/div>\n\t\t<\/section>\n\t\t\t\t\t<\/div>\n\t\t<\/div>\n\t\t\t\t\t<\/div>\n\t\t<\/section>\n\t\t\t\t<section class=\"elementor-section elementor-top-section elementor-element elementor-element-e0658f3 elementor-section-boxed elementor-section-height-default elementor-section-height-default\" data-id=\"e0658f3\" data-element_type=\"section\" data-e-type=\"section\">\n\t\t\t\t\t\t<div class=\"elementor-container elementor-column-gap-default\">\n\t\t\t\t\t<div class=\"elementor-column elementor-col-100 elementor-top-column elementor-element elementor-element-7949385\" data-id=\"7949385\" data-element_type=\"column\" data-e-type=\"column\">\n\t\t\t<div class=\"elementor-widget-wrap\">\n\t\t\t\t\t\t\t<\/div>\n\t\t<\/div>\n\t\t\t\t\t<\/div>\n\t\t<\/section>\n\t\t\t\t<section class=\"elementor-section elementor-top-section elementor-element elementor-element-60e740a elementor-section-boxed elementor-section-height-default elementor-section-height-default\" data-id=\"60e740a\" data-element_type=\"section\" data-e-type=\"section\">\n\t\t\t\t\t\t<div class=\"elementor-container elementor-column-gap-default\">\n\t\t\t\t\t<div class=\"elementor-column elementor-col-100 elementor-top-column elementor-element elementor-element-70a8c72\" data-id=\"70a8c72\" data-element_type=\"column\" data-e-type=\"column\">\n\t\t\t<div class=\"elementor-widget-wrap elementor-element-populated\">\n\t\t\t\t\t\t<div class=\"elementor-element elementor-element-127fc4b elementor-widget elementor-widget-spacer\" data-id=\"127fc4b\" data-element_type=\"widget\" data-e-type=\"widget\" data-widget_type=\"spacer.default\">\n\t\t\t\t<div class=\"elementor-widget-container\">\n\t\t\t\t\t\t\t<div class=\"elementor-spacer\">\n\t\t\t<div class=\"elementor-spacer-inner\"><\/div>\n\t\t<\/div>\n\t\t\t\t\t\t<\/div>\n\t\t\t\t<\/div>\n\t\t\t\t\t<\/div>\n\t\t<\/div>\n\t\t\t\t\t<\/div>\n\t\t<\/section>\n\t\t\t\t<\/div>","protected":false},"excerpt":{"rendered":"<p>\u00dcr\u00fcn \u00d6l\u00e7\u00fcleri \u00dcr\u00fcn \u00d6zellikleri Ayna \u00d6l\u00e7\u00fcleri: G:1380 Y:638 D:102 \u0130ki Lavabolu Alt Dolap \u00d6l\u00e7\u00fcleri: G:1382 Y:518 D:500 G\u00f6vde: MDFLam Mat Beyaz Kapak: MDFLam Mat Beyaz CAL\u0130FORN\u0130A MDFLAM CEV\u0130Z &#8211; MAT KA\u015eM\u0130R \u00a0 California [&hellip;]<\/p>","protected":false},"author":1,"featured_media":0,"parent":0,"menu_order":0,"comment_status":"closed","ping_status":"closed","template":"","meta":{"footnotes":""},"class_list":["post-15537","page","type-page","status-publish","hentry"],"_links":{"self":[{"href":"https:\/\/www.triomodul.com\/en\/wp-json\/wp\/v2\/pages\/15537","targetHints":{"allow":["GET"]}}],"collection":[{"href":"https:\/\/www.triomodul.com\/en\/wp-json\/wp\/v2\/pages"}],"about":[{"href":"https:\/\/www.triomodul.com\/en\/wp-json\/wp\/v2\/types\/page"}],"author":[{"embeddable":true,"href":"https:\/\/www.triomodul.com\/en\/wp-json\/wp\/v2\/users\/1"}],"replies":[{"embeddable":true,"href":"https:\/\/www.triomodul.com\/en\/wp-json\/wp\/v2\/comments?post=15537"}],"version-history":[{"count":23,"href":"https:\/\/www.triomodul.com\/en\/wp-json\/wp\/v2\/pages\/15537\/revisions"}],"predecessor-version":[{"id":17799,"href":"https:\/\/www.triomodul.com\/en\/wp-json\/wp\/v2\/pages\/15537\/revisions\/17799"}],"wp:attachment":[{"href":"https:\/\/www.triomodul.com\/en\/wp-json\/wp\/v2\/media?parent=15537"}],"curies":[{"name":"wp","href":"https:\/\/api.w.org\/{rel}","templated":true}]}}